{"id":26,"date":"2020-09-21T08:39:26","date_gmt":"2020-09-21T06:39:26","guid":{"rendered":"http:\/\/wordpress.alte-scheune-bojendorf.de\/?page_id=26"},"modified":"2025-09-22T14:45:50","modified_gmt":"2025-09-22T12:45:50","slug":"home","status":"publish","type":"page","link":"https:\/\/alte-scheune-bojendorf.de\/en_gb\/","title":{"rendered":"HOME"},"content":{"rendered":"<div class=\"row wpb_row row-fluid vc_custom_1623920405329\"><div class=\"wpb_column columns medium-12 thb-dark-column small-12\"><div class=\"vc_column-inner\"><div class=\"wpb_wrapper\">\n\t<div class=\"wpb_text_column wpb_content_element\" >\n\t\t<div class=\"wpb_wrapper\">\n\t\t\t<h1 style=\"text-align: left;\"><span style=\"color: #d45555;\">Old Barn Bojendorf<\/span><\/h1>\n<div id=\"gtx-trans\" style=\"position: absolute; left: 207px; top: 64.4375px;\">\n<div class=\"gtx-trans-icon\"><\/div>\n<\/div>\n\n\t\t<\/div>\n\t<\/div>\n\n\t<div class=\"wpb_text_column wpb_content_element\" >\n\t\t<div class=\"wpb_wrapper\">\n\t\t\t<h2 style=\"text-align: left;\"><strong><span style=\"color: #d45555;\">Holiday on Fehmarn<\/span><\/strong><\/h2>\n<p style=\"text-align: left;\">Our big, old and stylish thatched barn is an ideal place during the whole year to make holidays with your family or friends on the Baltic Sea: 300sqm living space, a 1,800 square meters garden and direct access to the beach, provide an optimal location for a relaxing holiday. The special ambience is enhanced by the lovely furnishings.<\/p>\n<div id=\"gtx-trans\" style=\"position: absolute; left: 125px; top: 51.9062px;\">\n<div class=\"gtx-trans-icon\"><\/div>\n<\/div>\n\n\t\t<\/div>\n\t<\/div>\n\n\t<div  class=\"wpb_single_image wpb_content_element vc_align_left wpb_content_element vc_custom_1620147115940\">\n\t\t\n\t\t<figure class=\"wpb_wrapper vc_figure\">\n\t\t\t<div class=\"vc_single_image-wrapper   vc_box_border_grey\"><img loading=\"lazy\" decoding=\"async\" width=\"4032\" height=\"3024\" src=\"data:image\/gif;base64,R0lGODlhAQABAAAAACH5BAEKAAEALAAAAAABAAEAAAICTAEAOw==\" class=\"vc_single_image-img attachment-full thb-lazyload lazyload\" alt=\"\" title=\"Bad 2-Bettzimmer oben\" sizes=\"auto, (max-width: 4032px) 100vw, 4032px\" data-src=\"https:\/\/alte-scheune-bojendorf.de\/wp-content\/uploads\/2021\/04\/Bad-2-Bettzimmer-oben.png\" data-sizes=\"auto\" data-srcset=\"https:\/\/alte-scheune-bojendorf.de\/wp-content\/uploads\/2021\/04\/Bad-2-Bettzimmer-oben.png 4032w, https:\/\/alte-scheune-bojendorf.de\/wp-content\/uploads\/2021\/04\/Bad-2-Bettzimmer-oben-300x225.png 300w, https:\/\/alte-scheune-bojendorf.de\/wp-content\/uploads\/2021\/04\/Bad-2-Bettzimmer-oben-1024x768.png 1024w, https:\/\/alte-scheune-bojendorf.de\/wp-content\/uploads\/2021\/04\/Bad-2-Bettzimmer-oben-768x576.png 768w, https:\/\/alte-scheune-bojendorf.de\/wp-content\/uploads\/2021\/04\/Bad-2-Bettzimmer-oben-1536x1152.png 1536w, https:\/\/alte-scheune-bojendorf.de\/wp-content\/uploads\/2021\/04\/Bad-2-Bettzimmer-oben-2048x1536.png 2048w, https:\/\/alte-scheune-bojendorf.de\/wp-content\/uploads\/2021\/04\/Bad-2-Bettzimmer-oben-380x285.png 380w, https:\/\/alte-scheune-bojendorf.de\/wp-content\/uploads\/2021\/04\/Bad-2-Bettzimmer-oben-20x15.png 20w, https:\/\/alte-scheune-bojendorf.de\/wp-content\/uploads\/2021\/04\/Bad-2-Bettzimmer-oben-190x143.png 190w, https:\/\/alte-scheune-bojendorf.de\/wp-content\/uploads\/2021\/04\/Bad-2-Bettzimmer-oben-760x570.png 760w, https:\/\/alte-scheune-bojendorf.de\/wp-content\/uploads\/2021\/04\/Bad-2-Bettzimmer-oben-1140x855.png 1140w\" \/><\/div>\n\t\t<\/figure>\n\t<\/div>\n\n\t<div class=\"wpb_text_column wpb_content_element\" >\n\t\t<div class=\"wpb_wrapper\">\n\t\t\t<h2 style=\"text-align: left;\"><strong><span style=\"color: #d45555;\">Pure Natur<\/span><\/strong><\/h2>\n<p style=\"text-align: left;\">Miles and miles of natural beaches, picturesque lakes and the cliff on one side. Inland, open fields and green pastures invite for long walks and extensive bicycle tours. Experience nature at its best. Pur. That's Fehmarn.<\/p>\n<div id=\"gtx-trans\" style=\"position: absolute; left: 98px; top: -4.09375px;\">\n<div class=\"gtx-trans-icon\"><\/div>\n<\/div>\n\n\t\t<\/div>\n\t<\/div>\n\n\t<div  class=\"wpb_single_image wpb_content_element vc_align_left wpb_content_element vc_custom_1620147136309\">\n\t\t\n\t\t<figure class=\"wpb_wrapper vc_figure\">\n\t\t\t<div class=\"vc_single_image-wrapper   vc_box_border_grey\"><img loading=\"lazy\" decoding=\"async\" width=\"4032\" height=\"3024\" src=\"data:image\/gif;base64,R0lGODlhAQABAAAAACH5BAEKAAEALAAAAAABAAEAAAICTAEAOw==\" class=\"vc_single_image-img attachment-full thb-lazyload lazyload\" alt=\"\" title=\"17\" sizes=\"auto, (max-width: 4032px) 100vw, 4032px\" data-src=\"https:\/\/alte-scheune-bojendorf.de\/wp-content\/uploads\/2021\/04\/17.png\" data-sizes=\"auto\" data-srcset=\"https:\/\/alte-scheune-bojendorf.de\/wp-content\/uploads\/2021\/04\/17.png 4032w, https:\/\/alte-scheune-bojendorf.de\/wp-content\/uploads\/2021\/04\/17-300x225.png 300w, https:\/\/alte-scheune-bojendorf.de\/wp-content\/uploads\/2021\/04\/17-1024x768.png 1024w, https:\/\/alte-scheune-bojendorf.de\/wp-content\/uploads\/2021\/04\/17-768x576.png 768w, https:\/\/alte-scheune-bojendorf.de\/wp-content\/uploads\/2021\/04\/17-1536x1152.png 1536w, https:\/\/alte-scheune-bojendorf.de\/wp-content\/uploads\/2021\/04\/17-2048x1536.png 2048w, https:\/\/alte-scheune-bojendorf.de\/wp-content\/uploads\/2021\/04\/17-380x285.png 380w, https:\/\/alte-scheune-bojendorf.de\/wp-content\/uploads\/2021\/04\/17-20x15.png 20w\" \/><\/div>\n\t\t<\/figure>\n\t<\/div>\n\n\t<div class=\"wpb_text_column wpb_content_element   vc_custom_1620779523434\" >\n\t\t<div class=\"wpb_wrapper\">\n\t\t\t<h2 style=\"text-align: left;\"><strong><span style=\"color: #d45555;\">Sunset<\/span><\/strong><\/h2>\n<p style=\"text-align: left;\">With 2,200 hours of sunshine the only Baltic Sea island of Schleswig-Holstein is one of the sunniest regions of Germany. Nowhere the stars shine in the sky as clear as here, nowhere the sunset seems to be more romantic. Discover for yourself the \"Hawaii of the North\".<\/p>\n<div id=\"gtx-trans\" style=\"position: absolute; left: 94px; top: 51.9062px;\">\n<div class=\"gtx-trans-icon\"><\/div>\n<\/div>\n\n\t\t<\/div>\n\t<\/div>\n\n\t<div  class=\"wpb_single_image wpb_content_element vc_align_left wpb_content_element vc_custom_1620147144848\">\n\t\t\n\t\t<figure class=\"wpb_wrapper vc_figure\">\n\t\t\t<div class=\"vc_single_image-wrapper   vc_box_border_grey\"><img loading=\"lazy\" decoding=\"async\" width=\"4032\" height=\"3024\" src=\"data:image\/gif;base64,R0lGODlhAQABAAAAACH5BAEKAAEALAAAAAABAAEAAAICTAEAOw==\" class=\"vc_single_image-img attachment-full thb-lazyload lazyload\" alt=\"\" title=\"16\" sizes=\"auto, (max-width: 4032px) 100vw, 4032px\" data-src=\"https:\/\/alte-scheune-bojendorf.de\/wp-content\/uploads\/2021\/04\/16.png\" data-sizes=\"auto\" data-srcset=\"https:\/\/alte-scheune-bojendorf.de\/wp-content\/uploads\/2021\/04\/16.png 4032w, https:\/\/alte-scheune-bojendorf.de\/wp-content\/uploads\/2021\/04\/16-300x225.png 300w, https:\/\/alte-scheune-bojendorf.de\/wp-content\/uploads\/2021\/04\/16-1024x768.png 1024w, https:\/\/alte-scheune-bojendorf.de\/wp-content\/uploads\/2021\/04\/16-768x576.png 768w, https:\/\/alte-scheune-bojendorf.de\/wp-content\/uploads\/2021\/04\/16-1536x1152.png 1536w, https:\/\/alte-scheune-bojendorf.de\/wp-content\/uploads\/2021\/04\/16-2048x1536.png 2048w, https:\/\/alte-scheune-bojendorf.de\/wp-content\/uploads\/2021\/04\/16-380x285.png 380w, https:\/\/alte-scheune-bojendorf.de\/wp-content\/uploads\/2021\/04\/16-20x15.png 20w\" \/><\/div>\n\t\t<\/figure>\n\t<\/div>\n<\/div><\/div><\/div><\/div><div class=\"row wpb_row row-fluid\"><div class=\"wpb_column columns medium-12 thb-dark-column small-12\"><div class=\"vc_column-inner\"><div class=\"wpb_wrapper\"><div  class=\"vc_wp_text wpb_content_element\"><div class=\"widget widget_text\">\t\t\t<div class=\"textwidget\"><h6><span style=\"color: #000000;\"><a style=\"color: #000000;\" href=\"https:\/\/www.ferienhausmiete.de\/38263.htm\">Alte Scheune Bojendorf in Bojendorf<\/a><\/span><\/h6>\n<\/div>\n\t\t<\/div><\/div><\/div><\/div><\/div><\/div>","protected":false},"excerpt":{"rendered":"Alte Scheune Bojendorf Urlaub auf Fehmarn Unsere gro\u00dfe, alte und stilvoll eingerichtete Reetdachscheune ist ein idealer Ort, um im ganzen Jahr mit der Familie oder Freunden an der Ostsee Urlaub zu machen: 300qm Wohnfl\u00e4che, ein 1800qm gro\u00dfer Garten und die unmittelbare N\u00e4he zum Strand, bieten eine optimale Ausgangslage f\u00fcr einen erholsamen Urlaub. Das besondere Ambiente&hellip;","protected":false},"author":2,"featured_media":0,"parent":0,"menu_order":0,"comment_status":"closed","ping_status":"closed","template":"","meta":{"footnotes":""},"class_list":["post-26","page","type-page","status-publish","hentry"],"_links":{"self":[{"href":"https:\/\/alte-scheune-bojendorf.de\/en_gb\/wp-json\/wp\/v2\/pages\/26","targetHints":{"allow":["GET"]}}],"collection":[{"href":"https:\/\/alte-scheune-bojendorf.de\/en_gb\/wp-json\/wp\/v2\/pages"}],"about":[{"href":"https:\/\/alte-scheune-bojendorf.de\/en_gb\/wp-json\/wp\/v2\/types\/page"}],"author":[{"embeddable":true,"href":"https:\/\/alte-scheune-bojendorf.de\/en_gb\/wp-json\/wp\/v2\/users\/2"}],"replies":[{"embeddable":true,"href":"https:\/\/alte-scheune-bojendorf.de\/en_gb\/wp-json\/wp\/v2\/comments?post=26"}],"version-history":[{"count":106,"href":"https:\/\/alte-scheune-bojendorf.de\/en_gb\/wp-json\/wp\/v2\/pages\/26\/revisions"}],"predecessor-version":[{"id":1669,"href":"https:\/\/alte-scheune-bojendorf.de\/en_gb\/wp-json\/wp\/v2\/pages\/26\/revisions\/1669"}],"wp:attachment":[{"href":"https:\/\/alte-scheune-bojendorf.de\/en_gb\/wp-json\/wp\/v2\/media?parent=26"}],"curies":[{"name":"wp","href":"https:\/\/api.w.org\/{rel}","templated":true}]}}