{"id":30,"date":"2020-09-21T08:40:27","date_gmt":"2020-09-21T06:40:27","guid":{"rendered":"http:\/\/wordpress.alte-scheune-bojendorf.de\/?page_id=30"},"modified":"2021-11-19T11:52:36","modified_gmt":"2021-11-19T10:52:36","slug":"ausstattung","status":"publish","type":"page","link":"https:\/\/alte-scheune-bojendorf.de\/en_gb\/ausstattung\/","title":{"rendered":"AMENITIES"},"content":{"rendered":"<div class=\"row wpb_row row-fluid vc_custom_1601905398151\"><div class=\"wpb_column columns medium-12 thb-dark-column small-12\"><div class=\"vc_column-inner\"><div class=\"wpb_wrapper\">\n\t<div class=\"wpb_text_column wpb_content_element\" >\n\t\t<div class=\"wpb_wrapper\">\n\t\t\t<h1><span style=\"color: #d45555;\"><strong>Amenities<\/strong><\/span><\/h1>\n<div id=\"gtx-trans\" style=\"position: absolute; left: 81px; top: -0.5625px;\">\n<div class=\"gtx-trans-icon\"><\/div>\n<\/div>\n\n\t\t<\/div>\n\t<\/div>\n\n\t<div class=\"wpb_text_column wpb_content_element\" >\n\t\t<div class=\"wpb_wrapper\">\n\t\t\t<p>The rustic charm of the property is enhanced by comfortable and spacious layout. Ideal as a seminar or group accommodation. The old thatched barn every season is an ideal location for your holiday. In the summer, it offers the necessary coolness after a hot day at the beach, in winter the barn invites to cozy evenings in front of the fireplace. Even in bad weather, the barn especially for the little ones is an optimal space.<\/p>\n\n\t\t<\/div>\n\t<\/div>\n<\/div><\/div><\/div><\/div><div class=\"row wpb_row row-fluid vc_custom_1619594328865\"><div class=\"wpb_column columns medium-12 thb-dark-column small-12\"><div class=\"vc_column-inner\"><div class=\"wpb_wrapper\">\n\t<div class=\"wpb_text_column wpb_content_element\" >\n\t\t<div class=\"wpb_wrapper\">\n\t\t\t<h2><span style=\"color: #d45555;\"><strong>Bedrooms<\/strong><\/span><\/h2>\n<ul>\n<li>1 Double bedroom<\/li>\n<li>3 Twin bedrooms<\/li>\n<li>1 Triple bedroom<\/li>\n<li>1 Quadruple bedroom<\/li>\n<li>2 Baby cots<\/li>\n<\/ul>\n<div id=\"gtx-trans\" style=\"position: absolute; left: 103px; top: 217.812px;\">\n<div class=\"gtx-trans-icon\"><\/div>\n<\/div>\n\n\t\t<\/div>\n\t<\/div>\n\t<div id=\"thb-image-slider-431\" class=\"thb-image-slider thb-carousel row     center-arrows\" data-pagination=\"true\" data-center=\"\" data-columns=\"1\" data-infinite=\"true\" data-autoplay=\"true\" data-autoplay-speed=\"4000\" data-navigation=\"true\">\n\t\t\t\t\t\t<figure class=\"columns\">\n\t\t\t\t\t\t\t\t<img loading=\"lazy\" decoding=\"async\" width=\"1440\" height=\"1080\" src=\"data:image\/gif;base64,R0lGODlhAQABAAAAACH5BAEKAAEALAAAAAABAAEAAAICTAEAOw==\" class=\"thb-lazyload lazyload\" alt=\"\" sizes=\"auto, (max-width: 1440px) 100vw, 1440px\" data-src=\"https:\/\/alte-scheune-bojendorf.de\/wp-content\/uploads\/2021\/04\/3.png\" data-sizes=\"auto\" data-srcset=\"https:\/\/alte-scheune-bojendorf.de\/wp-content\/uploads\/2021\/04\/3.png 1440w, https:\/\/alte-scheune-bojendorf.de\/wp-content\/uploads\/2021\/04\/3-300x225.png 300w, https:\/\/alte-scheune-bojendorf.de\/wp-content\/uploads\/2021\/04\/3-1024x768.png 1024w, https:\/\/alte-scheune-bojendorf.de\/wp-content\/uploads\/2021\/04\/3-768x576.png 768w, https:\/\/alte-scheune-bojendorf.de\/wp-content\/uploads\/2021\/04\/3-380x285.png 380w, https:\/\/alte-scheune-bojendorf.de\/wp-content\/uploads\/2021\/04\/3-20x15.png 20w, https:\/\/alte-scheune-bojendorf.de\/wp-content\/uploads\/2021\/04\/3-190x143.png 190w, https:\/\/alte-scheune-bojendorf.de\/wp-content\/uploads\/2021\/04\/3-760x570.png 760w, https:\/\/alte-scheune-bojendorf.de\/wp-content\/uploads\/2021\/04\/3-1140x855.png 1140w\" \/>\t\t\t\t\t\t\t\t<\/figure>\n\t\t\t\t\t\t\t<figure class=\"columns\">\n\t\t\t\t\t\t\t\t<img loading=\"lazy\" decoding=\"async\" width=\"1440\" height=\"1080\" src=\"data:image\/gif;base64,R0lGODlhAQABAAAAACH5BAEKAAEALAAAAAABAAEAAAICTAEAOw==\" class=\"thb-lazyload lazyload\" alt=\"\" sizes=\"auto, (max-width: 1440px) 100vw, 1440px\" data-src=\"https:\/\/alte-scheune-bojendorf.de\/wp-content\/uploads\/2021\/04\/4-1.png\" data-sizes=\"auto\" data-srcset=\"https:\/\/alte-scheune-bojendorf.de\/wp-content\/uploads\/2021\/04\/4-1.png 1440w, https:\/\/alte-scheune-bojendorf.de\/wp-content\/uploads\/2021\/04\/4-1-300x225.png 300w, https:\/\/alte-scheune-bojendorf.de\/wp-content\/uploads\/2021\/04\/4-1-1024x768.png 1024w, https:\/\/alte-scheune-bojendorf.de\/wp-content\/uploads\/2021\/04\/4-1-768x576.png 768w, https:\/\/alte-scheune-bojendorf.de\/wp-content\/uploads\/2021\/04\/4-1-380x285.png 380w, https:\/\/alte-scheune-bojendorf.de\/wp-content\/uploads\/2021\/04\/4-1-20x15.png 20w, https:\/\/alte-scheune-bojendorf.de\/wp-content\/uploads\/2021\/04\/4-1-190x143.png 190w, https:\/\/alte-scheune-bojendorf.de\/wp-content\/uploads\/2021\/04\/4-1-760x570.png 760w, https:\/\/alte-scheune-bojendorf.de\/wp-content\/uploads\/2021\/04\/4-1-1140x855.png 1140w\" \/>\t\t\t\t\t\t\t\t<\/figure>\n\t\t\t\t\t\t\t<figure class=\"columns\">\n\t\t\t\t\t\t\t\t<img loading=\"lazy\" decoding=\"async\" width=\"2560\" height=\"1920\" src=\"data:image\/gif;base64,R0lGODlhAQABAAAAACH5BAEKAAEALAAAAAABAAEAAAICTAEAOw==\" class=\"thb-lazyload lazyload\" alt=\"\" sizes=\"auto, (max-width: 2560px) 100vw, 2560px\" data-src=\"https:\/\/alte-scheune-bojendorf.de\/wp-content\/uploads\/2021\/04\/2-Bett-Zimmer-oben-scaled.jpg\" data-sizes=\"auto\" data-srcset=\"https:\/\/alte-scheune-bojendorf.de\/wp-content\/uploads\/2021\/04\/2-Bett-Zimmer-oben-scaled.jpg 2560w, https:\/\/alte-scheune-bojendorf.de\/wp-content\/uploads\/2021\/04\/2-Bett-Zimmer-oben-300x225.jpg 300w, https:\/\/alte-scheune-bojendorf.de\/wp-content\/uploads\/2021\/04\/2-Bett-Zimmer-oben-1024x768.jpg 1024w, https:\/\/alte-scheune-bojendorf.de\/wp-content\/uploads\/2021\/04\/2-Bett-Zimmer-oben-768x576.jpg 768w, https:\/\/alte-scheune-bojendorf.de\/wp-content\/uploads\/2021\/04\/2-Bett-Zimmer-oben-1536x1152.jpg 1536w, https:\/\/alte-scheune-bojendorf.de\/wp-content\/uploads\/2021\/04\/2-Bett-Zimmer-oben-2048x1536.jpg 2048w, https:\/\/alte-scheune-bojendorf.de\/wp-content\/uploads\/2021\/04\/2-Bett-Zimmer-oben-380x285.jpg 380w, https:\/\/alte-scheune-bojendorf.de\/wp-content\/uploads\/2021\/04\/2-Bett-Zimmer-oben-20x15.jpg 20w, https:\/\/alte-scheune-bojendorf.de\/wp-content\/uploads\/2021\/04\/2-Bett-Zimmer-oben-190x143.jpg 190w, https:\/\/alte-scheune-bojendorf.de\/wp-content\/uploads\/2021\/04\/2-Bett-Zimmer-oben-760x570.jpg 760w, https:\/\/alte-scheune-bojendorf.de\/wp-content\/uploads\/2021\/04\/2-Bett-Zimmer-oben-1140x855.jpg 1140w\" \/>\t\t\t\t\t\t\t\t<\/figure>\n\t\t\t\t\t\t\t<figure class=\"columns\">\n\t\t\t\t\t\t\t\t<img loading=\"lazy\" decoding=\"async\" width=\"1440\" height=\"1080\" src=\"data:image\/gif;base64,R0lGODlhAQABAAAAACH5BAEKAAEALAAAAAABAAEAAAICTAEAOw==\" class=\"thb-lazyload lazyload\" alt=\"\" sizes=\"auto, (max-width: 1440px) 100vw, 1440px\" data-src=\"https:\/\/alte-scheune-bojendorf.de\/wp-content\/uploads\/2021\/04\/2-1.png\" data-sizes=\"auto\" data-srcset=\"https:\/\/alte-scheune-bojendorf.de\/wp-content\/uploads\/2021\/04\/2-1.png 1440w, https:\/\/alte-scheune-bojendorf.de\/wp-content\/uploads\/2021\/04\/2-1-300x225.png 300w, https:\/\/alte-scheune-bojendorf.de\/wp-content\/uploads\/2021\/04\/2-1-1024x768.png 1024w, https:\/\/alte-scheune-bojendorf.de\/wp-content\/uploads\/2021\/04\/2-1-768x576.png 768w, https:\/\/alte-scheune-bojendorf.de\/wp-content\/uploads\/2021\/04\/2-1-380x285.png 380w, https:\/\/alte-scheune-bojendorf.de\/wp-content\/uploads\/2021\/04\/2-1-20x15.png 20w, https:\/\/alte-scheune-bojendorf.de\/wp-content\/uploads\/2021\/04\/2-1-190x143.png 190w, https:\/\/alte-scheune-bojendorf.de\/wp-content\/uploads\/2021\/04\/2-1-760x570.png 760w, https:\/\/alte-scheune-bojendorf.de\/wp-content\/uploads\/2021\/04\/2-1-1140x855.png 1140w\" \/>\t\t\t\t\t\t\t\t<\/figure>\n\t\t\t\t\t\t\t<figure class=\"columns\">\n\t\t\t\t\t\t\t\t<img loading=\"lazy\" decoding=\"async\" width=\"2560\" height=\"1920\" src=\"data:image\/gif;base64,R0lGODlhAQABAAAAACH5BAEKAAEALAAAAAABAAEAAAICTAEAOw==\" class=\"thb-lazyload lazyload\" alt=\"\" sizes=\"auto, (max-width: 2560px) 100vw, 2560px\" data-src=\"https:\/\/alte-scheune-bojendorf.de\/wp-content\/uploads\/2021\/04\/2-Bett-Zimmer-oben-2-scaled.jpg\" data-sizes=\"auto\" data-srcset=\"https:\/\/alte-scheune-bojendorf.de\/wp-content\/uploads\/2021\/04\/2-Bett-Zimmer-oben-2-scaled.jpg 2560w, https:\/\/alte-scheune-bojendorf.de\/wp-content\/uploads\/2021\/04\/2-Bett-Zimmer-oben-2-300x225.jpg 300w, https:\/\/alte-scheune-bojendorf.de\/wp-content\/uploads\/2021\/04\/2-Bett-Zimmer-oben-2-1024x768.jpg 1024w, https:\/\/alte-scheune-bojendorf.de\/wp-content\/uploads\/2021\/04\/2-Bett-Zimmer-oben-2-768x576.jpg 768w, https:\/\/alte-scheune-bojendorf.de\/wp-content\/uploads\/2021\/04\/2-Bett-Zimmer-oben-2-1536x1152.jpg 1536w, https:\/\/alte-scheune-bojendorf.de\/wp-content\/uploads\/2021\/04\/2-Bett-Zimmer-oben-2-2048x1536.jpg 2048w, https:\/\/alte-scheune-bojendorf.de\/wp-content\/uploads\/2021\/04\/2-Bett-Zimmer-oben-2-380x285.jpg 380w, https:\/\/alte-scheune-bojendorf.de\/wp-content\/uploads\/2021\/04\/2-Bett-Zimmer-oben-2-20x15.jpg 20w, https:\/\/alte-scheune-bojendorf.de\/wp-content\/uploads\/2021\/04\/2-Bett-Zimmer-oben-2-190x143.jpg 190w, https:\/\/alte-scheune-bojendorf.de\/wp-content\/uploads\/2021\/04\/2-Bett-Zimmer-oben-2-760x570.jpg 760w, https:\/\/alte-scheune-bojendorf.de\/wp-content\/uploads\/2021\/04\/2-Bett-Zimmer-oben-2-1140x855.jpg 1140w\" \/>\t\t\t\t\t\t\t\t<\/figure>\n\t\t\t\t\t\t\t<figure class=\"columns\">\n\t\t\t\t\t\t\t\t<img loading=\"lazy\" decoding=\"async\" width=\"1440\" height=\"1080\" src=\"data:image\/gif;base64,R0lGODlhAQABAAAAACH5BAEKAAEALAAAAAABAAEAAAICTAEAOw==\" class=\"thb-lazyload lazyload\" alt=\"\" sizes=\"auto, (max-width: 1440px) 100vw, 1440px\" data-src=\"https:\/\/alte-scheune-bojendorf.de\/wp-content\/uploads\/2021\/04\/1-1.png\" data-sizes=\"auto\" data-srcset=\"https:\/\/alte-scheune-bojendorf.de\/wp-content\/uploads\/2021\/04\/1-1.png 1440w, https:\/\/alte-scheune-bojendorf.de\/wp-content\/uploads\/2021\/04\/1-1-300x225.png 300w, https:\/\/alte-scheune-bojendorf.de\/wp-content\/uploads\/2021\/04\/1-1-1024x768.png 1024w, https:\/\/alte-scheune-bojendorf.de\/wp-content\/uploads\/2021\/04\/1-1-768x576.png 768w, https:\/\/alte-scheune-bojendorf.de\/wp-content\/uploads\/2021\/04\/1-1-380x285.png 380w, https:\/\/alte-scheune-bojendorf.de\/wp-content\/uploads\/2021\/04\/1-1-20x15.png 20w, https:\/\/alte-scheune-bojendorf.de\/wp-content\/uploads\/2021\/04\/1-1-190x143.png 190w, https:\/\/alte-scheune-bojendorf.de\/wp-content\/uploads\/2021\/04\/1-1-760x570.png 760w, https:\/\/alte-scheune-bojendorf.de\/wp-content\/uploads\/2021\/04\/1-1-1140x855.png 1140w\" \/>\t\t\t\t\t\t\t\t<\/figure>\n\t\t\t\t\t\t\t<figure class=\"columns\">\n\t\t\t\t\t\t\t\t<img loading=\"lazy\" decoding=\"async\" width=\"1440\" height=\"1080\" src=\"data:image\/gif;base64,R0lGODlhAQABAAAAACH5BAEKAAEALAAAAAABAAEAAAICTAEAOw==\" class=\"thb-lazyload lazyload\" alt=\"\" sizes=\"auto, (max-width: 1440px) 100vw, 1440px\" data-src=\"https:\/\/alte-scheune-bojendorf.de\/wp-content\/uploads\/2021\/04\/5.png\" data-sizes=\"auto\" data-srcset=\"https:\/\/alte-scheune-bojendorf.de\/wp-content\/uploads\/2021\/04\/5.png 1440w, https:\/\/alte-scheune-bojendorf.de\/wp-content\/uploads\/2021\/04\/5-300x225.png 300w, https:\/\/alte-scheune-bojendorf.de\/wp-content\/uploads\/2021\/04\/5-1024x768.png 1024w, https:\/\/alte-scheune-bojendorf.de\/wp-content\/uploads\/2021\/04\/5-768x576.png 768w, https:\/\/alte-scheune-bojendorf.de\/wp-content\/uploads\/2021\/04\/5-380x285.png 380w, https:\/\/alte-scheune-bojendorf.de\/wp-content\/uploads\/2021\/04\/5-20x15.png 20w, https:\/\/alte-scheune-bojendorf.de\/wp-content\/uploads\/2021\/04\/5-190x143.png 190w, https:\/\/alte-scheune-bojendorf.de\/wp-content\/uploads\/2021\/04\/5-760x570.png 760w, https:\/\/alte-scheune-bojendorf.de\/wp-content\/uploads\/2021\/04\/5-1140x855.png 1140w\" \/>\t\t\t\t\t\t\t\t<\/figure>\n\t\t\t\t\t\t\t<figure class=\"columns\">\n\t\t\t\t\t\t\t\t<img loading=\"lazy\" decoding=\"async\" width=\"1440\" height=\"1080\" src=\"data:image\/gif;base64,R0lGODlhAQABAAAAACH5BAEKAAEALAAAAAABAAEAAAICTAEAOw==\" class=\"thb-lazyload lazyload\" alt=\"\" sizes=\"auto, (max-width: 1440px) 100vw, 1440px\" data-src=\"https:\/\/alte-scheune-bojendorf.de\/wp-content\/uploads\/2021\/04\/6.png\" data-sizes=\"auto\" data-srcset=\"https:\/\/alte-scheune-bojendorf.de\/wp-content\/uploads\/2021\/04\/6.png 1440w, https:\/\/alte-scheune-bojendorf.de\/wp-content\/uploads\/2021\/04\/6-300x225.png 300w, https:\/\/alte-scheune-bojendorf.de\/wp-content\/uploads\/2021\/04\/6-1024x768.png 1024w, https:\/\/alte-scheune-bojendorf.de\/wp-content\/uploads\/2021\/04\/6-768x576.png 768w, https:\/\/alte-scheune-bojendorf.de\/wp-content\/uploads\/2021\/04\/6-380x285.png 380w, https:\/\/alte-scheune-bojendorf.de\/wp-content\/uploads\/2021\/04\/6-20x15.png 20w, https:\/\/alte-scheune-bojendorf.de\/wp-content\/uploads\/2021\/04\/6-190x143.png 190w, https:\/\/alte-scheune-bojendorf.de\/wp-content\/uploads\/2021\/04\/6-760x570.png 760w, https:\/\/alte-scheune-bojendorf.de\/wp-content\/uploads\/2021\/04\/6-1140x855.png 1140w\" \/>\t\t\t\t\t\t\t\t<\/figure>\n\t\t\t\t\t\t\t<figure class=\"columns\">\n\t\t\t\t\t\t\t\t<img loading=\"lazy\" decoding=\"async\" width=\"4032\" height=\"3024\" src=\"data:image\/gif;base64,R0lGODlhAQABAAAAACH5BAEKAAEALAAAAAABAAEAAAICTAEAOw==\" class=\"thb-lazyload lazyload\" alt=\"\" sizes=\"auto, (max-width: 4032px) 100vw, 4032px\" data-src=\"https:\/\/alte-scheune-bojendorf.de\/wp-content\/uploads\/2021\/04\/11.png\" data-sizes=\"auto\" data-srcset=\"https:\/\/alte-scheune-bojendorf.de\/wp-content\/uploads\/2021\/04\/11.png 4032w, https:\/\/alte-scheune-bojendorf.de\/wp-content\/uploads\/2021\/04\/11-300x225.png 300w, https:\/\/alte-scheune-bojendorf.de\/wp-content\/uploads\/2021\/04\/11-1024x768.png 1024w, https:\/\/alte-scheune-bojendorf.de\/wp-content\/uploads\/2021\/04\/11-768x576.png 768w, https:\/\/alte-scheune-bojendorf.de\/wp-content\/uploads\/2021\/04\/11-1536x1152.png 1536w, https:\/\/alte-scheune-bojendorf.de\/wp-content\/uploads\/2021\/04\/11-2048x1536.png 2048w, https:\/\/alte-scheune-bojendorf.de\/wp-content\/uploads\/2021\/04\/11-380x285.png 380w, https:\/\/alte-scheune-bojendorf.de\/wp-content\/uploads\/2021\/04\/11-20x15.png 20w, https:\/\/alte-scheune-bojendorf.de\/wp-content\/uploads\/2021\/04\/11-190x143.png 190w, https:\/\/alte-scheune-bojendorf.de\/wp-content\/uploads\/2021\/04\/11-760x570.png 760w, https:\/\/alte-scheune-bojendorf.de\/wp-content\/uploads\/2021\/04\/11-1140x855.png 1140w\" \/>\t\t\t\t\t\t\t\t<\/figure>\n\t\t\t\t<\/div>\n\t<\/div><\/div><\/div><\/div><div class=\"row wpb_row row-fluid\"><div class=\"wpb_column columns medium-12 thb-dark-column small-12\"><div class=\"vc_column-inner\"><div class=\"wpb_wrapper\">\n\t<div class=\"wpb_text_column wpb_content_element\" >\n\t\t<div class=\"wpb_wrapper\">\n\t\t\t<h2><span style=\"color: #d45555;\"><strong>Bathrooms<\/strong><\/span><\/h2>\n<ul>\n<li>5 Bathrooms with shower and toilet<\/li>\n<\/ul>\n<div id=\"gtx-trans\" style=\"position: absolute; left: 103px; top: 51.9062px;\">\n<div class=\"gtx-trans-icon\"><\/div>\n<\/div>\n\n\t\t<\/div>\n\t<\/div>\n\t<div id=\"thb-image-slider-689\" class=\"thb-image-slider thb-carousel row     center-arrows\" data-pagination=\"true\" data-center=\"\" data-columns=\"1\" data-infinite=\"true\" data-autoplay=\"true\" data-autoplay-speed=\"4000\" data-navigation=\"true\">\n\t\t\t\t\t\t<figure class=\"columns\">\n\t\t\t\t\t\t\t\t<img loading=\"lazy\" decoding=\"async\" width=\"2560\" height=\"1920\" src=\"data:image\/gif;base64,R0lGODlhAQABAAAAACH5BAEKAAEALAAAAAABAAEAAAICTAEAOw==\" class=\"thb-lazyload lazyload\" alt=\"\" sizes=\"auto, (max-width: 2560px) 100vw, 2560px\" data-src=\"https:\/\/alte-scheune-bojendorf.de\/wp-content\/uploads\/2021\/04\/Bad-2-Bettzimmer-oben-scaled.jpg\" data-sizes=\"auto\" data-srcset=\"https:\/\/alte-scheune-bojendorf.de\/wp-content\/uploads\/2021\/04\/Bad-2-Bettzimmer-oben-scaled.jpg 2560w, https:\/\/alte-scheune-bojendorf.de\/wp-content\/uploads\/2021\/04\/Bad-2-Bettzimmer-oben-300x225.jpg 300w, https:\/\/alte-scheune-bojendorf.de\/wp-content\/uploads\/2021\/04\/Bad-2-Bettzimmer-oben-1024x768.jpg 1024w, https:\/\/alte-scheune-bojendorf.de\/wp-content\/uploads\/2021\/04\/Bad-2-Bettzimmer-oben-768x576.jpg 768w, https:\/\/alte-scheune-bojendorf.de\/wp-content\/uploads\/2021\/04\/Bad-2-Bettzimmer-oben-1536x1152.jpg 1536w, https:\/\/alte-scheune-bojendorf.de\/wp-content\/uploads\/2021\/04\/Bad-2-Bettzimmer-oben-2048x1536.jpg 2048w, https:\/\/alte-scheune-bojendorf.de\/wp-content\/uploads\/2021\/04\/Bad-2-Bettzimmer-oben-380x285.jpg 380w, https:\/\/alte-scheune-bojendorf.de\/wp-content\/uploads\/2021\/04\/Bad-2-Bettzimmer-oben-20x15.jpg 20w, https:\/\/alte-scheune-bojendorf.de\/wp-content\/uploads\/2021\/04\/Bad-2-Bettzimmer-oben-190x143.jpg 190w, https:\/\/alte-scheune-bojendorf.de\/wp-content\/uploads\/2021\/04\/Bad-2-Bettzimmer-oben-760x570.jpg 760w, https:\/\/alte-scheune-bojendorf.de\/wp-content\/uploads\/2021\/04\/Bad-2-Bettzimmer-oben-1140x855.jpg 1140w\" \/>\t\t\t\t\t\t\t\t<\/figure>\n\t\t\t\t<\/div>\n\t<\/div><\/div><\/div><\/div><div class=\"row wpb_row row-fluid vc_custom_1619594356204\"><div class=\"wpb_column columns medium-12 thb-dark-column small-12\"><div class=\"vc_column-inner\"><div class=\"wpb_wrapper\">\n\t<div class=\"wpb_text_column wpb_content_element\" >\n\t\t<div class=\"wpb_wrapper\">\n\t\t\t<h2><span style=\"color: #d45555;\"><strong>Amenities<\/strong><\/span><\/h2>\n<p>Our thatched barn has a small separated east-side garden and a spacious south-facing garden with barbecue, Playground including sandpit, soccer goals, trampoline, beach chair as well as parking spaces for cars. The house is fully equipped and has central heating as well as a large fireplace, please bring your own firewood. For your convenience, leisure and entertainment, the house has an extensive library of books, music, radio plays and videos, a piano, playstation, TV with satellite channels, radio, stereo and a washer and dryer. The kitchen has a 4-burner stove, microwave, fridge including freezer, dishwasher and coffee and Nespresso machine, please bring your own Nespresso capsules.<\/p>\n<div id=\"gtx-trans\" style=\"position: absolute; left: 108px; top: -4.09375px;\">\n<div class=\"gtx-trans-icon\"><\/div>\n<\/div>\n\n\t\t<\/div>\n\t<\/div>\n\t<div id=\"thb-image-slider-442\" class=\"thb-image-slider thb-carousel row     center-arrows\" data-pagination=\"true\" data-center=\"\" data-columns=\"1\" data-infinite=\"true\" data-autoplay=\"true\" data-autoplay-speed=\"4000\" data-navigation=\"true\">\n\t\t\t\t\t\t<figure class=\"columns\">\n\t\t\t\t\t\t\t\t<img loading=\"lazy\" decoding=\"async\" width=\"1920\" height=\"2560\" src=\"data:image\/gif;base64,R0lGODlhAQABAAAAACH5BAEKAAEALAAAAAABAAEAAAICTAEAOw==\" class=\"thb-lazyload lazyload\" alt=\"\" sizes=\"auto, (max-width: 1920px) 100vw, 1920px\" data-src=\"https:\/\/alte-scheune-bojendorf.de\/wp-content\/uploads\/2021\/02\/Garten-scaled.jpg\" data-sizes=\"auto\" data-srcset=\"https:\/\/alte-scheune-bojendorf.de\/wp-content\/uploads\/2021\/02\/Garten-scaled.jpg 1920w, https:\/\/alte-scheune-bojendorf.de\/wp-content\/uploads\/2021\/02\/Garten-225x300.jpg 225w, https:\/\/alte-scheune-bojendorf.de\/wp-content\/uploads\/2021\/02\/Garten-1152x1536.jpg 1152w, https:\/\/alte-scheune-bojendorf.de\/wp-content\/uploads\/2021\/02\/Garten-1536x2048.jpg 1536w, https:\/\/alte-scheune-bojendorf.de\/wp-content\/uploads\/2021\/02\/Garten-380x507.jpg 380w, https:\/\/alte-scheune-bojendorf.de\/wp-content\/uploads\/2021\/02\/Garten-190x253.jpg 190w, https:\/\/alte-scheune-bojendorf.de\/wp-content\/uploads\/2021\/02\/Garten-760x1013.jpg 760w, https:\/\/alte-scheune-bojendorf.de\/wp-content\/uploads\/2021\/02\/Garten-1140x1520.jpg 1140w, https:\/\/alte-scheune-bojendorf.de\/wp-content\/uploads\/2021\/02\/Garten-20x27.jpg 20w\" \/>\t\t\t\t\t\t\t\t<\/figure>\n\t\t\t\t\t\t\t<figure class=\"columns\">\n\t\t\t\t\t\t\t\t<img loading=\"lazy\" decoding=\"async\" width=\"4032\" height=\"3024\" src=\"data:image\/gif;base64,R0lGODlhAQABAAAAACH5BAEKAAEALAAAAAABAAEAAAICTAEAOw==\" class=\"thb-lazyload lazyload\" alt=\"\" sizes=\"auto, (max-width: 4032px) 100vw, 4032px\" data-src=\"https:\/\/alte-scheune-bojendorf.de\/wp-content\/uploads\/2021\/04\/12.png\" data-sizes=\"auto\" data-srcset=\"https:\/\/alte-scheune-bojendorf.de\/wp-content\/uploads\/2021\/04\/12.png 4032w, https:\/\/alte-scheune-bojendorf.de\/wp-content\/uploads\/2021\/04\/12-300x225.png 300w, https:\/\/alte-scheune-bojendorf.de\/wp-content\/uploads\/2021\/04\/12-1024x768.png 1024w, https:\/\/alte-scheune-bojendorf.de\/wp-content\/uploads\/2021\/04\/12-768x576.png 768w, https:\/\/alte-scheune-bojendorf.de\/wp-content\/uploads\/2021\/04\/12-1536x1152.png 1536w, https:\/\/alte-scheune-bojendorf.de\/wp-content\/uploads\/2021\/04\/12-2048x1536.png 2048w, https:\/\/alte-scheune-bojendorf.de\/wp-content\/uploads\/2021\/04\/12-380x285.png 380w, https:\/\/alte-scheune-bojendorf.de\/wp-content\/uploads\/2021\/04\/12-20x15.png 20w, https:\/\/alte-scheune-bojendorf.de\/wp-content\/uploads\/2021\/04\/12-190x143.png 190w, https:\/\/alte-scheune-bojendorf.de\/wp-content\/uploads\/2021\/04\/12-760x570.png 760w, https:\/\/alte-scheune-bojendorf.de\/wp-content\/uploads\/2021\/04\/12-1140x855.png 1140w\" \/>\t\t\t\t\t\t\t\t<\/figure>\n\t\t\t\t<\/div>\n\t<\/div><\/div><\/div><\/div><div class=\"row wpb_row row-fluid vc_custom_1619594361054\"><div class=\"wpb_column columns medium-12 thb-dark-column small-12\"><div class=\"vc_column-inner\"><div class=\"wpb_wrapper\">\n\t<div class=\"wpb_text_column wpb_content_element\" >\n\t\t<div class=\"wpb_wrapper\">\n\t\t\t<h2><span style=\"color: #d45555;\"><strong>Other features<\/strong><\/span><\/h2>\n<div class=\"item-page\">\n<div>\n<ul>\n<li>Kids are welcome<\/li>\n<li>Pets negotiable<\/li>\n<li>Wheelchairs limited accessible<\/li>\n<\/ul>\n<\/div>\n<\/div>\n<div id=\"gtx-trans\" style=\"position: absolute; left: 186px; top: -4.09375px;\">\n<div class=\"gtx-trans-icon\"><\/div>\n<\/div>\n\n\t\t<\/div>\n\t<\/div>\n<\/div><\/div><\/div><\/div>","protected":false},"excerpt":{"rendered":"Ausstattung Das rustikale Flair des Hauses wird unterstrichen durch Komfort und gro\u00dfz\u00fcgige Raumaufteilung. Ideal auch als Seminarort oder Gruppenunterkunft. Die alte Reetdachscheune ist zu jeder Jahreszeit ein idealer Aufenthaltsort f\u00fcr ihren Urlaub. Im Sommer bietet sie die n\u00f6tige K\u00fchle nach einem hei\u00dfen Strandtag, im Winter l\u00e4dt die Tenne zu gem\u00fctlichen Abenden vor dem Kamin ein.&hellip;","protected":false},"author":2,"featured_media":0,"parent":0,"menu_order":0,"comment_status":"closed","ping_status":"closed","template":"","meta":{"footnotes":""},"class_list":["post-30","page","type-page","status-publish","hentry"],"_links":{"self":[{"href":"https:\/\/alte-scheune-bojendorf.de\/en_gb\/wp-json\/wp\/v2\/pages\/30","targetHints":{"allow":["GET"]}}],"collection":[{"href":"https:\/\/alte-scheune-bojendorf.de\/en_gb\/wp-json\/wp\/v2\/pages"}],"about":[{"href":"https:\/\/alte-scheune-bojendorf.de\/en_gb\/wp-json\/wp\/v2\/types\/page"}],"author":[{"embeddable":true,"href":"https:\/\/alte-scheune-bojendorf.de\/en_gb\/wp-json\/wp\/v2\/users\/2"}],"replies":[{"embeddable":true,"href":"https:\/\/alte-scheune-bojendorf.de\/en_gb\/wp-json\/wp\/v2\/comments?post=30"}],"version-history":[{"count":49,"href":"https:\/\/alte-scheune-bojendorf.de\/en_gb\/wp-json\/wp\/v2\/pages\/30\/revisions"}],"predecessor-version":[{"id":800,"href":"https:\/\/alte-scheune-bojendorf.de\/en_gb\/wp-json\/wp\/v2\/pages\/30\/revisions\/800"}],"wp:attachment":[{"href":"https:\/\/alte-scheune-bojendorf.de\/en_gb\/wp-json\/wp\/v2\/media?parent=30"}],"curies":[{"name":"wp","href":"https:\/\/api.w.org\/{rel}","templated":true}]}}