{"id":34,"date":"2020-09-21T08:41:27","date_gmt":"2020-09-21T06:41:27","guid":{"rendered":"http:\/\/wordpress.alte-scheune-bojendorf.de\/?page_id=34"},"modified":"2025-09-22T14:41:18","modified_gmt":"2025-09-22T12:41:18","slug":"preise-belegung","status":"publish","type":"page","link":"https:\/\/alte-scheune-bojendorf.de\/en_gb\/preise-belegung\/","title":{"rendered":"PRICES &amp; BOOKING"},"content":{"rendered":"<div class=\"row wpb_row row-fluid vc_custom_1620779621516\"><div class=\"wpb_column columns medium-12 thb-dark-column small-12\"><div class=\"vc_column-inner\"><div class=\"wpb_wrapper\">\n\t<div class=\"wpb_text_column wpb_content_element\" >\n\t\t<div class=\"wpb_wrapper\">\n\t\t\t<h1><span style=\"color: #d45555;\"><strong>Prices &amp; Booking Plan<\/strong><\/span><\/h1>\n<div id=\"gtx-trans\" style=\"position: absolute; left: 150px; top: 64.4375px;\">\n<div class=\"gtx-trans-icon\"><\/div>\n<\/div>\n\n\t\t<\/div>\n\t<\/div>\n\n\t<div class=\"wpb_text_column wpb_content_element\" >\n\t\t<div class=\"wpb_wrapper\">\n\t\t\t<h2><span style=\"color: #d45555;\"><strong>Prices<\/strong><\/span><\/h2>\n<p><b>Grundpreis bis 10 Personen einschlie\u00dflich Endreinigung 1. Tag 580,&#8211; EUR, ab dem 2. Tag 380,&#8211; EUR<\/b><\/p>\n<p>plus extra for<\/p>\n<ul>\n<li>each additional person 15.-- EUR \/ day<\/li>\n<li>Hunde auf Anfrage einmalig 50,&#8211; (100,&#8211;) EUR f\u00fcr drei N\u00e4chte (eine Woche)<\/li>\n<li>Handt\u00fccher und Bettw\u00e4sche 25,&#8211; EUR \/ Person<\/li>\n<li>New Year's Eve stay 50.-- EUR \/ day,<\/li>\n<\/ul>\n<p>each including VAT,<\/p>\n<ul>\n<li>zuz\u00fcglich Kurabgabe 2,30 (1,50) EUR pro Person \/ Tag in der Hauptsaison (Nebensaison).<\/li>\n<\/ul>\n<p>Minimum stay<br \/>\n...in high season (April 01 - October 31, Christmas, New Year and Easter): 7 nights\/ 8 days<br \/>\n&#8230;in der Wintersaison (01. November &#8211; 31. M\u00e4rz): 7 N\u00e4chte \/ 8 Tage<\/p>\n<div id=\"gtx-trans\" style=\"position: absolute; left: 110px; top: 51.9062px;\">\n<div class=\"gtx-trans-icon\"><\/div>\n<\/div>\n\n\t\t<\/div>\n\t<\/div>\n<\/div><\/div><\/div><\/div><div class=\"row wpb_row row-fluid\"><div class=\"wpb_column columns medium-12 thb-dark-column small-12\"><div class=\"vc_column-inner\"><div class=\"wpb_wrapper\">\n\t<div class=\"wpb_raw_code wpb_raw_html wpb_content_element\" >\n\t\t<div class=\"wpb_wrapper\">\n\t\t\t<h2><span style=\"color: #ff0000;\"><strong>Booking Plan<\/strong><\/span><\/h2>\n<script type=\"text\/javascript\" src=\"https:\/\/www.ferienhausmiete.de\/verwalten\/widgets\/widgets.js?id=38263&lang=1&months=6&preview=36\"><\/script>\n<div id=\"ferienhausmiete-de-widget4-38263\"><a href=\"https:\/\/www.ferienhausmiete.de\/38263.htm\" target=\"_blank\">Old Barn Bojendorf<\/a><\/div>\n\t\t<\/div>\n\t<\/div>\n<\/div><\/div><\/div><\/div><div class=\"row wpb_row row-fluid vc_custom_1619594455341\"><div class=\"wpb_column columns medium-12 thb-dark-column small-12\"><div class=\"vc_column-inner\"><div class=\"wpb_wrapper\">\n\t<div class=\"wpb_text_column wpb_content_element\" >\n\t\t<div class=\"wpb_wrapper\">\n\t\t\t<p>If the booking plan is not shown, please disable the used ad blocker for this site.<\/p>\n\n\t\t<\/div>\n\t<\/div>\n<\/div><\/div><\/div><\/div><div class=\"row wpb_row row-fluid vc_custom_1619594460601\"><div class=\"wpb_column columns medium-12 thb-dark-column small-12\"><div class=\"vc_column-inner\"><div class=\"wpb_wrapper\">\n\t<div class=\"wpb_text_column wpb_content_element\" >\n\t\t<div class=\"wpb_wrapper\">\n\t\t\t<h2><span style=\"color: #d45555;\"><strong>Cancellation Policy<\/strong><\/span><\/h2>\n<p>In the event that you will be prevented from exercising the lease for reasons that were not foreseeable at lease conclusion, please call by stating the reasons as soon as possible to us. We will then consider your concerns and explore with you the possibility of an amicable termination of the contract. The cancellation fee is<\/p>\n<ul>\n<li>up to 90 days before arrival 30.-- EUR,<\/li>\n<li>179-90 days before arrival 30 %,<\/li>\n<li>89-60 days before arrival 50 %,<\/li>\n<li>59-15 days before arrival 90 %,<\/li>\n<li>13-0 days before arrival 100 %<\/li>\n<\/ul>\n<div class=\"item-page\">\n<div>\n<p>of the total rent, excluding final cleaning and tourist tax.<\/p>\n<\/div>\n<\/div>\n<div id=\"gtx-trans\" style=\"position: absolute; left: 149px; top: 51.9062px;\">\n<div class=\"gtx-trans-icon\"><\/div>\n<\/div>\n\n\t\t<\/div>\n\t<\/div>\n<\/div><\/div><\/div><\/div>","protected":false},"excerpt":{"rendered":"Preise &amp; Belegungsplan Preise Grundpreis bis 10 Personen einschlie\u00dflich Endreinigung 1. Tag 580,-- EUR, ab dem 2. Tag 380,-- EUR zuz\u00fcglich Aufpreis f\u00fcr jede weitere Person 15,-- EUR \/ Tag Hunde auf Anfrage einmalig 50,-- (100,--) EUR f\u00fcr drei N\u00e4chte (eine Woche) Handt\u00fccher und Bettw\u00e4sche 25,-- EUR \/ Person Silvesteraufenthalt 50,-- EUR \/ Tag, jeweils&hellip;","protected":false},"author":2,"featured_media":0,"parent":0,"menu_order":0,"comment_status":"closed","ping_status":"closed","template":"","meta":{"footnotes":""},"class_list":["post-34","page","type-page","status-publish","hentry"],"_links":{"self":[{"href":"https:\/\/alte-scheune-bojendorf.de\/en_gb\/wp-json\/wp\/v2\/pages\/34","targetHints":{"allow":["GET"]}}],"collection":[{"href":"https:\/\/alte-scheune-bojendorf.de\/en_gb\/wp-json\/wp\/v2\/pages"}],"about":[{"href":"https:\/\/alte-scheune-bojendorf.de\/en_gb\/wp-json\/wp\/v2\/types\/page"}],"author":[{"embeddable":true,"href":"https:\/\/alte-scheune-bojendorf.de\/en_gb\/wp-json\/wp\/v2\/users\/2"}],"replies":[{"embeddable":true,"href":"https:\/\/alte-scheune-bojendorf.de\/en_gb\/wp-json\/wp\/v2\/comments?post=34"}],"version-history":[{"count":40,"href":"https:\/\/alte-scheune-bojendorf.de\/en_gb\/wp-json\/wp\/v2\/pages\/34\/revisions"}],"predecessor-version":[{"id":1668,"href":"https:\/\/alte-scheune-bojendorf.de\/en_gb\/wp-json\/wp\/v2\/pages\/34\/revisions\/1668"}],"wp:attachment":[{"href":"https:\/\/alte-scheune-bojendorf.de\/en_gb\/wp-json\/wp\/v2\/media?parent=34"}],"curies":[{"name":"wp","href":"https:\/\/api.w.org\/{rel}","templated":true}]}}