{"id":38,"date":"2020-09-21T08:42:23","date_gmt":"2020-09-21T06:42:23","guid":{"rendered":"http:\/\/wordpress.alte-scheune-bojendorf.de\/?page_id=38"},"modified":"2022-02-18T17:42:17","modified_gmt":"2022-02-18T16:42:17","slug":"kontakt","status":"publish","type":"page","link":"https:\/\/alte-scheune-bojendorf.de\/en_gb\/kontakt\/","title":{"rendered":"CONTACT"},"content":{"rendered":"<div class=\"row wpb_row row-fluid vc_custom_1616004282803\"><div class=\"wpb_column columns medium-12 thb-dark-column small-12\"><div class=\"vc_column-inner\"><div class=\"wpb_wrapper\">\n\t<div class=\"wpb_text_column wpb_content_element\" >\n\t\t<div class=\"wpb_wrapper\">\n\t\t\t<h1><span style=\"color: #d45555;\"><strong>Contact<\/strong><\/span><\/h1>\n\n\t\t<\/div>\n\t<\/div>\n\n\t<div class=\"wpb_text_column wpb_content_element\" >\n\t\t<div class=\"wpb_wrapper\">\n\t\t\t<div class=\"item-page\">\n<div>\n<h2><span style=\"color: #d45555;\"><strong>We look forward to your inquiry<\/strong><\/span><\/h2>\n<p>Send us an email or give us a call, if you want to know more about our house or make a reservation.<\/p>\n<p>Please read and accept the\u00a0<span style=\"text-decoration: underline;\"><a style=\"color: #000000;\" href=\"https:\/\/alte-scheune-bojendorf.de\/en_gb\/datenschutz\/\">Privacy Policy<\/a><\/span>.<\/p>\n<p>Old Barn Bojendorf<br \/>\nWestk\u00fcstenstr. 10<br \/>\n23769 Bojendorf auf Fehrmarn<\/p>\n<p>Meike Lingott<br \/>\nT\u00a0 <span id=\"cloak6eba5508c36c4e09541d0f280c547526\"><span style=\"text-decoration: underline;\"><a style=\"color: #000000;\" href=\"tel:+4916096317293\" target=\"_blank\" rel=\"noopener noreferrer\">+49 (0)160 96317293<\/a><\/span><\/span><br \/>\nM <span id=\"cloak6eba5508c36c4e09541d0f280c547526\"><span style=\"text-decoration: underline;\"><a style=\"color: #000000;\" href=\"mailto:kontakt@alte-scheune-bojendorf.de\" target=\"_blank\" rel=\"noopener noreferrer\">kontakt@alte-scheune-bojendorf.de<\/a><\/span><\/span><\/p>\n<\/div>\n<\/div>\n<div id=\"gtx-trans\" style=\"position: absolute; left: 197px; top: -4.09375px;\">\n<div class=\"gtx-trans-icon\"><\/div>\n<\/div>\n\n\t\t<\/div>\n\t<\/div>\n<\/div><\/div><\/div><\/div><div class=\"row wpb_row row-fluid vc_custom_1616004309227\"><div class=\"wpb_column columns medium-12 thb-dark-column small-12\"><div class=\"vc_column-inner\"><div class=\"wpb_wrapper\">\n<div class=\"wpcf7 no-js\" id=\"wpcf7-f10-o1\" lang=\"de-DE\" dir=\"ltr\" data-wpcf7-id=\"10\">\n<div class=\"screen-reader-response\"><p role=\"status\" aria-live=\"polite\" aria-atomic=\"true\"><\/p> <ul><\/ul><\/div>\n<form action=\"\/en_gb\/wp-json\/wp\/v2\/pages\/38#wpcf7-f10-o1\" method=\"post\" class=\"wpcf7-form init\" aria-label=\"Kontaktformular\" novalidate=\"novalidate\" data-status=\"init\" data-trp-original-action=\"\/en_gb\/wp-json\/wp\/v2\/pages\/38#wpcf7-f10-o1\">\n<fieldset class=\"hidden-fields-container\"><input type=\"hidden\" name=\"_wpcf7\" value=\"10\" \/><input type=\"hidden\" name=\"_wpcf7_version\" value=\"6.1.5\" \/><input type=\"hidden\" name=\"_wpcf7_locale\" value=\"de_DE\" \/><input type=\"hidden\" name=\"_wpcf7_unit_tag\" value=\"wpcf7-f10-o1\" \/><input type=\"hidden\" name=\"_wpcf7_container_post\" value=\"0\" \/><input type=\"hidden\" name=\"_wpcf7_posted_data_hash\" value=\"\" \/>\n<\/fieldset>\n<div class=\"row\">\n\t<div class=\"small-12 large-6 columns\">\n\t\t<p><label>Name<\/label><span class=\"wpcf7-form-control-wrap\" data-name=\"your-firstname\"><input size=\"40\" maxlength=\"400\" class=\"wpcf7-form-control wpcf7-text wpcf7-validates-as-required full\" aria-required=\"true\" aria-invalid=\"false\" value=\"\" type=\"text\" name=\"your-firstname\" \/><\/span>\n\t\t<\/p>\n\t<\/div>\n\t<div class=\"small-12 large-6 columns\">\n\t\t<p><label>E-Mail<\/label><span class=\"wpcf7-form-control-wrap\" data-name=\"your-email\"><input size=\"40\" maxlength=\"400\" class=\"wpcf7-form-control wpcf7-email wpcf7-validates-as-required wpcf7-text wpcf7-validates-as-email full\" aria-required=\"true\" aria-invalid=\"false\" value=\"\" type=\"email\" name=\"your-email\" \/><\/span>\n\t\t<\/p>\n\t<\/div>\n\t<div class=\"small-12 columns\">\n\t\t<p><label>Message<\/label><span class=\"wpcf7-form-control-wrap\" data-name=\"your-message\"><textarea cols=\"40\" rows=\"10\" maxlength=\"2000\" class=\"wpcf7-form-control wpcf7-textarea full\" aria-invalid=\"false\" name=\"your-message\"><\/textarea><\/span>\n\t\t<\/p>\n\t<\/div>\n<\/div>\n<div class=\"row\">\n\t<div class=\"small-12 columns\">\n\t\t<p><input class=\"wpcf7-form-control wpcf7-submit has-spinner btn black\" type=\"submit\" value=\"Send\" \/>\n\t\t<\/p>\n\t<\/div>\n<\/div><div class=\"wpcf7-response-output\" aria-hidden=\"true\"><\/div>\n<input type=\"hidden\" name=\"trp-form-language\" value=\"en_gb\"\/><\/form>\n<\/div>\n<\/div><\/div><\/div><\/div>","protected":false},"excerpt":{"rendered":"Kontakt Wir freuen uns auf Ihre Anfrage Schreiben Sie uns eine Email oder rufen Sie uns an, wenn Sie mehr \u00fcber unser Ferienhaus wissen m\u00f6chten oder eine Reservierung t\u00e4tigen wollen. Bitte lesen und akzeptieren Sie die\u00a0Datenschutzerkl\u00e4rung. Alte Scheune Bojendorf Westk\u00fcstenstr. 10 23769 Bojendorf auf Fehrmarn Meike Lingott T\u00a0 +49 (0)160 96317293 M kontakt@alte-scheune-bojendorf.de Name E-mail&hellip;","protected":false},"author":2,"featured_media":0,"parent":0,"menu_order":0,"comment_status":"closed","ping_status":"closed","template":"","meta":{"footnotes":""},"class_list":["post-38","page","type-page","status-publish","hentry"],"_links":{"self":[{"href":"https:\/\/alte-scheune-bojendorf.de\/en_gb\/wp-json\/wp\/v2\/pages\/38","targetHints":{"allow":["GET"]}}],"collection":[{"href":"https:\/\/alte-scheune-bojendorf.de\/en_gb\/wp-json\/wp\/v2\/pages"}],"about":[{"href":"https:\/\/alte-scheune-bojendorf.de\/en_gb\/wp-json\/wp\/v2\/types\/page"}],"author":[{"embeddable":true,"href":"https:\/\/alte-scheune-bojendorf.de\/en_gb\/wp-json\/wp\/v2\/users\/2"}],"replies":[{"embeddable":true,"href":"https:\/\/alte-scheune-bojendorf.de\/en_gb\/wp-json\/wp\/v2\/comments?post=38"}],"version-history":[{"count":22,"href":"https:\/\/alte-scheune-bojendorf.de\/en_gb\/wp-json\/wp\/v2\/pages\/38\/revisions"}],"predecessor-version":[{"id":816,"href":"https:\/\/alte-scheune-bojendorf.de\/en_gb\/wp-json\/wp\/v2\/pages\/38\/revisions\/816"}],"wp:attachment":[{"href":"https:\/\/alte-scheune-bojendorf.de\/en_gb\/wp-json\/wp\/v2\/media?parent=38"}],"curies":[{"name":"wp","href":"https:\/\/api.w.org\/{rel}","templated":true}]}}