{"id":40,"date":"2020-09-21T08:42:57","date_gmt":"2020-09-21T06:42:57","guid":{"rendered":"http:\/\/wordpress.alte-scheune-bojendorf.de\/?page_id=40"},"modified":"2022-09-28T13:03:27","modified_gmt":"2022-09-28T11:03:27","slug":"tips","status":"publish","type":"page","link":"https:\/\/alte-scheune-bojendorf.de\/en_gb\/tips\/","title":{"rendered":"TIPS"},"content":{"rendered":"<div class=\"row wpb_row row-fluid vc_custom_1616004423706\"><div class=\"wpb_column columns medium-6 thb-dark-column small-12\"><div class=\"vc_column-inner\"><div class=\"wpb_wrapper\">\n\t<div class=\"wpb_text_column wpb_content_element\" >\n\t\t<div class=\"wpb_wrapper\">\n\t\t\t<h1><span style=\"color: #d45555;\"><strong>Eat &amp; Drink<\/strong><\/span><\/h1>\n\n\t\t<\/div>\n\t<\/div>\n\n\t<div class=\"wpb_text_column wpb_content_element\" >\n\t\t<div class=\"wpb_wrapper\">\n\t\t\t<h2><span style=\"color: #d45555;\"><strong>Bistro<\/strong><\/span><\/h2>\n\n\t\t<\/div>\n\t<\/div>\n\n\t<div class=\"wpb_text_column wpb_content_element\" >\n\t\t<div class=\"wpb_wrapper\">\n\t\t\t<ul>\n<li><span style=\"text-decoration: underline;\"><a title=\"Ellis Snackeria\" href=\"https:\/\/www.ellissnackeria.de\/\" target=\"_blank\" rel=\"noopener noreferrer\">Ellis Snackeria<\/a><\/span><\/li>\n<\/ul>\n\n\t\t<\/div>\n\t<\/div>\n\n\t<div class=\"wpb_text_column wpb_content_element\" >\n\t\t<div class=\"wpb_wrapper\">\n\t\t\t<h2><span style=\"color: #d45555;\"><strong>Caf\u00e9s<\/strong><\/span><\/h2>\n\n\t\t<\/div>\n\t<\/div>\n\n\t<div class=\"wpb_text_column wpb_content_element\" >\n\t\t<div class=\"wpb_wrapper\">\n\t\t\t<div class=\"item-page\">\n<div class=\"item-page\">\n<ul>\n<li><span style=\"text-decoration: underline;\"><a title=\"Caf\u00e9 im Hof\" href=\"https:\/\/teekontor.com\/\" target=\"_blank\" rel=\"noopener noreferrer\">Caf\u00e9 im Hof<\/a><\/span><\/li>\n<li><span style=\"text-decoration: underline;\"><a title=\"Caf\u00e9 liebevoll &amp; KULTurlabor\" href=\"http:\/\/www.kulturlabor.biz\/\" target=\"_blank\" rel=\"noopener noreferrer\">Caf\u00e9 liebevoll &amp; KULTurlabor<\/a><\/span><\/li>\n<li><span style=\"text-decoration: underline;\"><a title=\"Hof Caf\u00e9 Albertsdorf\" href=\"https:\/\/www.hofcafe-albertsdorf.de\/\" target=\"_blank\" rel=\"noopener noreferrer\">Hof Caf\u00e9 Albertsdorf<\/a><\/span><\/li>\n<\/ul>\n<\/div>\n<\/div>\n\n\t\t<\/div>\n\t<\/div>\n\n\t<div class=\"wpb_text_column wpb_content_element\" >\n\t\t<div class=\"wpb_wrapper\">\n\t\t\t<h2><span style=\"color: #d45555;\"><strong>Restaurants<\/strong><\/span><\/h2>\n\n\t\t<\/div>\n\t<\/div>\n\n\t<div class=\"wpb_text_column wpb_content_element\" >\n\t\t<div class=\"wpb_wrapper\">\n\t\t\t<div class=\"item-page\">\n<div class=\"item-page\">\n<ul>\n<li><span style=\"text-decoration: underline;\"><a title=\"Aalkate\" href=\"https:\/\/www.original-aalkate-fehmarn.de\/\" target=\"_blank\" rel=\"noopener noreferrer\">Aalkate<\/a><\/span><\/li>\n<li><span style=\"text-decoration: underline;\"><a title=\"Altes Zollhaus\" href=\"http:\/\/www.zollhaus-fehmarn.de\/\" target=\"_blank\" rel=\"noopener noreferrer\">Altes Zollhaus<\/a><\/span><\/li>\n<li><span style=\"text-decoration: underline;\"><a title=\"Borgo Antico\" href=\"http:\/\/www.borgoantico.de\/\" target=\"_blank\" rel=\"noopener noreferrer\">Borgo Antico<\/a><\/span><\/li>\n<li><span style=\"text-decoration: underline;\"><a title=\"Doppeleiche\" href=\"https:\/\/www.doppeleiche.com\/\" target=\"_blank\" rel=\"noopener noreferrer\">Doppeleiche<\/a><\/span><\/li>\n<li><span style=\"text-decoration: underline;\"><a title=\"Gasthof Meets\" href=\"https:\/\/www.gasthof-meetz.de\/\" target=\"_blank\" rel=\"noopener noreferrer\">Gasthof Meets<\/a><\/span><\/li>\n<li><span style=\"text-decoration: underline;\"><a title=\"Quintings\" href=\"https:\/\/www.quintings.de\/\" target=\"_blank\" rel=\"noopener noreferrer\">Quintings<\/a><\/span><\/li>\n<\/ul>\n<\/div>\n<\/div>\n\n\t\t<\/div>\n\t<\/div>\n\n\t<div class=\"wpb_text_column wpb_content_element\" >\n\t\t<div class=\"wpb_wrapper\">\n\t\t\t<h2><span style=\"color: #d45555;\"><strong>Beachbars<\/strong><\/span><\/h2>\n\n\t\t<\/div>\n\t<\/div>\n\n\t<div class=\"wpb_text_column wpb_content_element\" >\n\t\t<div class=\"wpb_wrapper\">\n\t\t\t<div class=\"item-page\">\n<div class=\"item-page\">\n<ul>\n<li><span style=\"text-decoration: underline;\"><a title=\"360 Grad\" href=\"https:\/\/www.360gradbar.de\/\" target=\"_blank\" rel=\"noopener noreferrer\">360 Grad<\/a><\/span><\/li>\n<li><span style=\"text-decoration: underline;\"><a title=\"Caf\u00e9 Sorgenfrei\" href=\"http:\/\/www.cafe-sorgenfrei.de\/\" target=\"_blank\" rel=\"noopener noreferrer\">Caf\u00e9 Sorgenfrei<\/a><\/span><\/li>\n<\/ul>\n<\/div>\n<\/div>\n\n\t\t<\/div>\n\t<\/div>\n\n\t<div class=\"wpb_text_column wpb_content_element\" >\n\t\t<div class=\"wpb_wrapper\">\n\t\t\t<h2><span style=\"color: #d45555;\"><strong>Beachdiner<\/strong><\/span><\/h2>\n\n\t\t<\/div>\n\t<\/div>\n\n\t<div class=\"wpb_text_column wpb_content_element\" >\n\t\t<div class=\"wpb_wrapper\">\n\t\t\t<div class=\"item-page\">\n<div class=\"item-page\">\n<ul>\n<li><span style=\"text-decoration: underline;\"><a title=\"BeltBude\" href=\"http:\/\/beltbude.de\/\" target=\"_blank\" rel=\"noopener noreferrer\">BeltBude<\/a><\/span><\/li>\n<\/ul>\n<\/div>\n<\/div>\n\n\t\t<\/div>\n\t<\/div>\n<\/div><\/div><\/div><div class=\"wpb_column columns medium-6 thb-dark-column small-12\"><div class=\"vc_column-inner\"><div class=\"wpb_wrapper\">\n\t<div class=\"wpb_text_column wpb_content_element\" >\n\t\t<div class=\"wpb_wrapper\">\n\t\t\t<h1><span style=\"color: #d45555;\"><strong>Other<\/strong><\/span><\/h1>\n\n\t\t<\/div>\n\t<\/div>\n\n\t<div class=\"wpb_text_column wpb_content_element\" >\n\t\t<div class=\"wpb_wrapper\">\n\t\t\t<h2><span style=\"color: #d45555;\"><strong>State<\/strong><\/span><\/h2>\n\n\t\t<\/div>\n\t<\/div>\n\n\t<div class=\"wpb_text_column wpb_content_element\" >\n\t\t<div class=\"wpb_wrapper\">\n\t\t\t<div class=\"item-page\">\n<div class=\"item-page\">\n<ul>\n<li><a title=\"Schleswig-Holstein\" href=\"http:\/\/www.schleswig-holstein.de\/\" target=\"_blank\" rel=\"noopener noreferrer\">Schleswig-Holstein<\/a><\/li>\n<\/ul>\n<\/div>\n<\/div>\n\n\t\t<\/div>\n\t<\/div>\n\n\t<div class=\"wpb_text_column wpb_content_element\" >\n\t\t<div class=\"wpb_wrapper\">\n\t\t\t<h2><span style=\"color: #d45555;\"><strong>Bikes<\/strong><\/span><\/h2>\n\n\t\t<\/div>\n\t<\/div>\n\n\t<div class=\"wpb_text_column wpb_content_element\" >\n\t\t<div class=\"wpb_wrapper\">\n\t\t\t<div class=\"item-page\">\n<div class=\"item-page\">\n<ul>\n<li><span style=\"text-decoration: underline;\"><a title=\"Bicycle Rental Fehmarn\" href=\"http:\/\/www.2rad-fehmarn.de\/\" target=\"_blank\" rel=\"noopener noreferrer\">Bicycle Rental Fehmarn<\/a><\/span><\/li>\n<\/ul>\n<\/div>\n<\/div>\n\n\t\t<\/div>\n\t<\/div>\n\n\t<div class=\"wpb_text_column wpb_content_element\" >\n\t\t<div class=\"wpb_wrapper\">\n\t\t\t<h2><span style=\"color: #d45555;\"><strong>Rentals<\/strong><\/span><\/h2>\n\n\t\t<\/div>\n\t<\/div>\n\n\t<div class=\"wpb_text_column wpb_content_element\" >\n\t\t<div class=\"wpb_wrapper\">\n\t\t\t<div class=\"item-page\">\n<div class=\"item-page\">\n<ul>\n<li><span style=\"text-decoration: underline;\"><a href=\"https:\/\/www.ferienhausmarkt.com\/region\/schleswig-holstein\/\">Vacation Homes Schleswig-Holstein<\/a><\/span> and <span style=\"text-decoration: underline;\"><a href=\"https:\/\/www.strandurlaub-nordsee.com\/\">Condominiums Northsea<\/a><\/span>\u00a0by privat rent<\/li>\n<li><span style=\"text-decoration: underline;\"><a href=\"https:\/\/www.ferienhausmarkt.com\/region\/schleswig-holstein\/\">Vacation Homes Schleswig-Holstein<\/a><\/span>\u00a0and <span style=\"text-decoration: underline;\"><a href=\"https:\/\/www.ostsee-strandurlaub.net\/\">Condominiums Baltic Sea<\/a><\/span>\u00a0by privat rent<\/li>\n<\/ul>\n<\/div>\n<\/div>\n\n\t\t<\/div>\n\t<\/div>\n<\/div><\/div><\/div><\/div><div class=\"row wpb_row row-fluid\"><div class=\"wpb_column columns medium-12 thb-dark-column small-12\"><div class=\"vc_column-inner\"><div class=\"wpb_wrapper\">\n\t<div class=\"wpb_text_column wpb_content_element\" >\n\t\t<div class=\"wpb_wrapper\">\n\t\t\t\n\t\t<\/div>\n\t<\/div>\n<\/div><\/div><\/div><\/div>","protected":false},"excerpt":{"rendered":"Essen &amp; Trinken Bistro Ellis Snackeria Caf\u00e9s Caf\u00e9 im Hof Caf\u00e9 liebevoll &amp; KULTurlabor Hof Caf\u00e9 Albertsdorf Restaurants Aalkate Altes Zollhaus Borgo Antico Doppeleiche Gasthof Meets Quintings Strandbars 360 Grad Caf\u00e9 Sorgenfrei Strandimbiss BeltBude Sonstige Bundesland Schleswig-Holstein Fahrr\u00e4der Fahrradverleih auf Fehmarn Vermieter Ferienhaus Schleswig-Holstein und Ferienwohnungen Nordsee\u00a0von privat mieten Ferienhaus Schleswig-Holstein\u00a0und Ferienwohnung Ostsee\u00a0von privat mieten","protected":false},"author":2,"featured_media":0,"parent":0,"menu_order":0,"comment_status":"closed","ping_status":"closed","template":"","meta":{"footnotes":""},"class_list":["post-40","page","type-page","status-publish","hentry"],"_links":{"self":[{"href":"https:\/\/alte-scheune-bojendorf.de\/en_gb\/wp-json\/wp\/v2\/pages\/40","targetHints":{"allow":["GET"]}}],"collection":[{"href":"https:\/\/alte-scheune-bojendorf.de\/en_gb\/wp-json\/wp\/v2\/pages"}],"about":[{"href":"https:\/\/alte-scheune-bojendorf.de\/en_gb\/wp-json\/wp\/v2\/types\/page"}],"author":[{"embeddable":true,"href":"https:\/\/alte-scheune-bojendorf.de\/en_gb\/wp-json\/wp\/v2\/users\/2"}],"replies":[{"embeddable":true,"href":"https:\/\/alte-scheune-bojendorf.de\/en_gb\/wp-json\/wp\/v2\/comments?post=40"}],"version-history":[{"count":47,"href":"https:\/\/alte-scheune-bojendorf.de\/en_gb\/wp-json\/wp\/v2\/pages\/40\/revisions"}],"predecessor-version":[{"id":769,"href":"https:\/\/alte-scheune-bojendorf.de\/en_gb\/wp-json\/wp\/v2\/pages\/40\/revisions\/769"}],"wp:attachment":[{"href":"https:\/\/alte-scheune-bojendorf.de\/en_gb\/wp-json\/wp\/v2\/media?parent=40"}],"curies":[{"name":"wp","href":"https:\/\/api.w.org\/{rel}","templated":true}]}}